{"id":91,"date":"2023-05-18T13:46:08","date_gmt":"2023-05-18T13:46:08","guid":{"rendered":"https:\/\/editiondevie.com\/?page_id=91"},"modified":"2023-08-27T01:46:41","modified_gmt":"2023-08-27T01:46:41","slug":"projects","status":"publish","type":"page","link":"https:\/\/editiondevie.com\/fr\/projects","title":{"rendered":"Commission"},"content":{"rendered":"<div data-elementor-type=\"wp-page\" data-elementor-id=\"91\" class=\"elementor elementor-91\">\n\t\t\t\t\t\t\t\t\t<section class=\"elementor-section elementor-top-section elementor-element elementor-element-64c754f9 elementor-hidden-mobile elementor-section-boxed elementor-section-height-default elementor-section-height-default\" data-id=\"64c754f9\" data-element_type=\"section\" data-settings=\"{&quot;background_background&quot;:&quot;gradient&quot;}\">\n\t\t\t\t\t\t<div class=\"elementor-container elementor-column-gap-default\">\n\t\t\t\t\t<div class=\"elementor-column elementor-col-50 elementor-top-column elementor-element elementor-element-3a6e4f0e\" data-id=\"3a6e4f0e\" data-element_type=\"column\">\n\t\t\t<div class=\"elementor-widget-wrap elementor-element-populated\">\n\t\t\t\t\t\t\t\t<div class=\"elementor-element elementor-element-3d54a915 elementor-widget elementor-widget-image\" data-id=\"3d54a915\" data-element_type=\"widget\" data-widget_type=\"image.default\">\n\t\t\t\t<div class=\"elementor-widget-container\">\n\t\t\t<style>\/*! elementor - v3.13.2 - 11-05-2023 *\/\n.elementor-widget-image{text-align:center}.elementor-widget-image a{display:inline-block}.elementor-widget-image a img[src$=\".svg\"]{width:48px}.elementor-widget-image img{vertical-align:middle;display:inline-block}<\/style>\t\t\t\t\t\t\t\t\t\t\t\t<img loading=\"lazy\" decoding=\"async\" width=\"1600\" height=\"1199\" src=\"https:\/\/editiondevie.com\/wp-content\/uploads\/2023\/07\/WhatsApp-Image-2023-07-03-at-18.15.04.jpeg\" class=\"attachment-full size-full wp-image-1804\" alt=\"\" srcset=\"https:\/\/editiondevie.com\/wp-content\/uploads\/2023\/07\/WhatsApp-Image-2023-07-03-at-18.15.04.jpeg 1600w, https:\/\/editiondevie.com\/wp-content\/uploads\/2023\/07\/WhatsApp-Image-2023-07-03-at-18.15.04-300x225.jpeg 300w, https:\/\/editiondevie.com\/wp-content\/uploads\/2023\/07\/WhatsApp-Image-2023-07-03-at-18.15.04-1024x767.jpeg 1024w, https:\/\/editiondevie.com\/wp-content\/uploads\/2023\/07\/WhatsApp-Image-2023-07-03-at-18.15.04-768x576.jpeg 768w, https:\/\/editiondevie.com\/wp-content\/uploads\/2023\/07\/WhatsApp-Image-2023-07-03-at-18.15.04-1536x1151.jpeg 1536w\" sizes=\"auto, (max-width: 1600px) 100vw, 1600px\" \/>\t\t\t\t\t\t\t\t\t\t\t\t\t\t\t<\/div>\n\t\t\t\t<\/div>\n\t\t\t\t\t<\/div>\n\t\t<\/div>\n\t\t\t\t<div class=\"elementor-column elementor-col-50 elementor-top-column elementor-element elementor-element-4230122e\" data-id=\"4230122e\" data-element_type=\"column\" data-settings=\"{&quot;background_background&quot;:&quot;classic&quot;}\">\n\t\t\t<div class=\"elementor-widget-wrap elementor-element-populated\">\n\t\t\t\t\t\t\t\t<section class=\"elementor-section elementor-inner-section elementor-element elementor-element-48e3ec00 elementor-section-boxed elementor-section-height-default elementor-section-height-default\" data-id=\"48e3ec00\" data-element_type=\"section\">\n\t\t\t\t\t\t<div class=\"elementor-container elementor-column-gap-default\">\n\t\t\t\t\t<div class=\"elementor-column elementor-col-100 elementor-inner-column elementor-element elementor-element-65d72010\" data-id=\"65d72010\" data-element_type=\"column\" data-settings=\"{&quot;background_background&quot;:&quot;classic&quot;}\">\n\t\t\t<div class=\"elementor-widget-wrap elementor-element-populated\">\n\t\t\t\t\t\t\t\t<div class=\"elementor-element elementor-element-91fbb02 elementor-widget elementor-widget-heading\" data-id=\"91fbb02\" data-element_type=\"widget\" data-widget_type=\"heading.default\">\n\t\t\t\t<div class=\"elementor-widget-container\">\n\t\t\t<style>\/*! elementor - v3.13.2 - 11-05-2023 *\/\n.elementor-heading-title{padding:0;margin:0;line-height:1}.elementor-widget-heading .elementor-heading-title[class*=elementor-size-]>a{color:inherit;font-size:inherit;line-height:inherit}.elementor-widget-heading .elementor-heading-title.elementor-size-small{font-size:15px}.elementor-widget-heading .elementor-heading-title.elementor-size-medium{font-size:19px}.elementor-widget-heading .elementor-heading-title.elementor-size-large{font-size:29px}.elementor-widget-heading .elementor-heading-title.elementor-size-xl{font-size:39px}.elementor-widget-heading .elementor-heading-title.elementor-size-xxl{font-size:59px}<\/style><h2 class=\"elementor-heading-title elementor-size-default\">EDITION DE VIE <\/h2>\t\t<\/div>\n\t\t\t\t<\/div>\n\t\t\t\t<div class=\"elementor-element elementor-element-2844f8d2 elementor-widget__width-inherit elementor-widget elementor-widget-heading\" data-id=\"2844f8d2\" data-element_type=\"widget\" data-widget_type=\"heading.default\">\n\t\t\t\t<div class=\"elementor-widget-container\">\n\t\t\t<h2 class=\"elementor-heading-title elementor-size-default\">Des luminaires pour des projets d\u2019exception<\/h2>\t\t<\/div>\n\t\t\t\t<\/div>\n\t\t\t\t<div class=\"elementor-element elementor-element-56c9bd64 elementor-widget__width-initial elementor-widget elementor-widget-text-editor\" data-id=\"56c9bd64\" data-element_type=\"widget\" data-widget_type=\"text-editor.default\">\n\t\t\t\t<div class=\"elementor-widget-container\">\n\t\t\t<style>\/*! elementor - v3.13.2 - 11-05-2023 *\/\n.elementor-widget-text-editor.elementor-drop-cap-view-stacked .elementor-drop-cap{background-color:#69727d;color:#fff}.elementor-widget-text-editor.elementor-drop-cap-view-framed .elementor-drop-cap{color:#69727d;border:3px solid;background-color:transparent}.elementor-widget-text-editor:not(.elementor-drop-cap-view-default) .elementor-drop-cap{margin-top:8px}.elementor-widget-text-editor:not(.elementor-drop-cap-view-default) .elementor-drop-cap-letter{width:1em;height:1em}.elementor-widget-text-editor .elementor-drop-cap{float:left;text-align:center;line-height:1;font-size:50px}.elementor-widget-text-editor .elementor-drop-cap-letter{display:inline-block}<\/style>\t\t\t\t<p class=\"p1\">Nous proposons la personnalisation de nos collections de luminaires existantes en fonction de vos besoins. Nous sommes pr\u00eats \u00e0 travailler avec vous pour adapter nos dimensions, nos couleurs et m\u00eame parfois nos mat\u00e9riaux \u00e0 vos projets r\u00e9sidentiels, commerciaux et h\u00f4teliers.<\/p>\t\t\t\t\t\t<\/div>\n\t\t\t\t<\/div>\n\t\t\t\t\t<\/div>\n\t\t<\/div>\n\t\t\t\t\t\t\t<\/div>\n\t\t<\/section>\n\t\t\t\t<div class=\"elementor-element elementor-element-2ebc9cea elementor-widget elementor-widget-spacer\" data-id=\"2ebc9cea\" data-element_type=\"widget\" data-widget_type=\"spacer.default\">\n\t\t\t\t<div class=\"elementor-widget-container\">\n\t\t\t<style>\/*! elementor - v3.13.2 - 11-05-2023 *\/\n.elementor-column .elementor-spacer-inner{height:var(--spacer-size)}.e-con{--container-widget-width:100%}.e-con-inner>.elementor-widget-spacer,.e-con>.elementor-widget-spacer{width:var(--container-widget-width,var(--spacer-size));--align-self:var(--container-widget-align-self,initial);--flex-shrink:0}.e-con-inner>.elementor-widget-spacer>.elementor-widget-container,.e-con-inner>.elementor-widget-spacer>.elementor-widget-container>.elementor-spacer,.e-con>.elementor-widget-spacer>.elementor-widget-container,.e-con>.elementor-widget-spacer>.elementor-widget-container>.elementor-spacer{height:100%}.e-con-inner>.elementor-widget-spacer>.elementor-widget-container>.elementor-spacer>.elementor-spacer-inner,.e-con>.elementor-widget-spacer>.elementor-widget-container>.elementor-spacer>.elementor-spacer-inner{height:var(--container-widget-height,var(--spacer-size))}<\/style>\t\t<div class=\"elementor-spacer\">\n\t\t\t<div class=\"elementor-spacer-inner\"><\/div>\n\t\t<\/div>\n\t\t\t\t<\/div>\n\t\t\t\t<\/div>\n\t\t\t\t\t<\/div>\n\t\t<\/div>\n\t\t\t\t\t\t\t<\/div>\n\t\t<\/section>\n\t\t\t\t<section class=\"elementor-section elementor-top-section elementor-element elementor-element-35f5480 elementor-hidden-desktop elementor-hidden-tablet elementor-section-boxed elementor-section-height-default elementor-section-height-default\" data-id=\"35f5480\" data-element_type=\"section\" data-settings=\"{&quot;background_background&quot;:&quot;classic&quot;}\">\n\t\t\t\t\t\t<div class=\"elementor-container elementor-column-gap-default\">\n\t\t\t\t\t<div class=\"elementor-column elementor-col-100 elementor-top-column elementor-element elementor-element-46c0256\" data-id=\"46c0256\" data-element_type=\"column\">\n\t\t\t<div class=\"elementor-widget-wrap elementor-element-populated\">\n\t\t\t\t\t\t\t\t<div class=\"elementor-element elementor-element-525aa3a elementor-widget elementor-widget-image\" data-id=\"525aa3a\" data-element_type=\"widget\" data-widget_type=\"image.default\">\n\t\t\t\t<div class=\"elementor-widget-container\">\n\t\t\t\t\t\t\t\t\t\t\t\t\t\t\t<img loading=\"lazy\" decoding=\"async\" width=\"800\" height=\"599\" src=\"https:\/\/editiondevie.com\/wp-content\/uploads\/2023\/07\/WhatsApp-Image-2023-07-03-at-18.15.04-1024x767.jpeg\" class=\"attachment-large size-large wp-image-1804\" alt=\"\" srcset=\"https:\/\/editiondevie.com\/wp-content\/uploads\/2023\/07\/WhatsApp-Image-2023-07-03-at-18.15.04-1024x767.jpeg 1024w, https:\/\/editiondevie.com\/wp-content\/uploads\/2023\/07\/WhatsApp-Image-2023-07-03-at-18.15.04-300x225.jpeg 300w, https:\/\/editiondevie.com\/wp-content\/uploads\/2023\/07\/WhatsApp-Image-2023-07-03-at-18.15.04-768x576.jpeg 768w, https:\/\/editiondevie.com\/wp-content\/uploads\/2023\/07\/WhatsApp-Image-2023-07-03-at-18.15.04-1536x1151.jpeg 1536w, https:\/\/editiondevie.com\/wp-content\/uploads\/2023\/07\/WhatsApp-Image-2023-07-03-at-18.15.04.jpeg 1600w\" sizes=\"auto, (max-width: 800px) 100vw, 800px\" \/>\t\t\t\t\t\t\t\t\t\t\t\t\t\t\t<\/div>\n\t\t\t\t<\/div>\n\t\t\t\t\t<\/div>\n\t\t<\/div>\n\t\t\t\t\t\t\t<\/div>\n\t\t<\/section>\n\t\t\t\t<section class=\"elementor-section elementor-top-section elementor-element elementor-element-fedf994 elementor-section-full_width elementor-section-stretched elementor-section-height-default elementor-section-height-default\" data-id=\"fedf994\" data-element_type=\"section\" data-settings=\"{&quot;stretch_section&quot;:&quot;section-stretched&quot;}\">\n\t\t\t\t\t\t<div class=\"elementor-container elementor-column-gap-default\">\n\t\t\t\t\t<div class=\"elementor-column elementor-col-100 elementor-top-column elementor-element elementor-element-fb93ec0\" data-id=\"fb93ec0\" data-element_type=\"column\">\n\t\t\t<div class=\"elementor-widget-wrap elementor-element-populated\">\n\t\t\t\t\t\t\t\t<div class=\"elementor-element elementor-element-cbe4746 elementor-widget elementor-widget-heading\" data-id=\"cbe4746\" data-element_type=\"widget\" data-widget_type=\"heading.default\">\n\t\t\t\t<div class=\"elementor-widget-container\">\n\t\t\t<h2 class=\"elementor-heading-title elementor-size-default\">Derniers projets impliquant nos cr\u00e9ations lumineuses<\/h2>\t\t<\/div>\n\t\t\t\t<\/div>\n\t\t\t\t\t<\/div>\n\t\t<\/div>\n\t\t\t\t\t\t\t<\/div>\n\t\t<\/section>\n\t\t\t\t<section class=\"elementor-section elementor-top-section elementor-element elementor-element-0c54bed elementor-section-full_width elementor-section-height-min-height elementor-section-content-middle elementor-section-stretched elementor-section-height-default elementor-section-items-middle\" data-id=\"0c54bed\" data-element_type=\"section\" data-settings=\"{&quot;stretch_section&quot;:&quot;section-stretched&quot;}\">\n\t\t\t\t\t\t<div class=\"elementor-container elementor-column-gap-wider\">\n\t\t\t\t\t<div class=\"elementor-column elementor-col-100 elementor-top-column elementor-element elementor-element-9f0eab7\" data-id=\"9f0eab7\" data-element_type=\"column\">\n\t\t\t<div class=\"elementor-widget-wrap elementor-element-populated\">\n\t\t\t\t\t\t\t\t<div class=\"elementor-element elementor-element-ae619b8 elementor-skin-carousel elementor-arrows-yes elementor-widget elementor-widget-media-carousel\" data-id=\"ae619b8\" data-element_type=\"widget\" data-settings=\"{&quot;space_between&quot;:{&quot;unit&quot;:&quot;px&quot;,&quot;size&quot;:26,&quot;sizes&quot;:[]},&quot;skin&quot;:&quot;carousel&quot;,&quot;effect&quot;:&quot;slide&quot;,&quot;show_arrows&quot;:&quot;yes&quot;,&quot;speed&quot;:500,&quot;autoplay&quot;:&quot;yes&quot;,&quot;autoplay_speed&quot;:5000,&quot;loop&quot;:&quot;yes&quot;,&quot;pause_on_hover&quot;:&quot;yes&quot;,&quot;pause_on_interaction&quot;:&quot;yes&quot;,&quot;space_between_tablet&quot;:{&quot;unit&quot;:&quot;px&quot;,&quot;size&quot;:10,&quot;sizes&quot;:[]},&quot;space_between_mobile&quot;:{&quot;unit&quot;:&quot;px&quot;,&quot;size&quot;:10,&quot;sizes&quot;:[]}}\" data-widget_type=\"media-carousel.default\">\n\t\t\t\t<div class=\"elementor-widget-container\">\n\t\t\t<link rel=\"stylesheet\" href=\"https:\/\/editiondevie.com\/wp-content\/plugins\/elementor-pro\/assets\/css\/widget-carousel.min.css\">\t\t<div class=\"elementor-swiper\">\n\t\t\t<div class=\"elementor-main-swiper swiper\">\n\t\t\t\t<div class=\"swiper-wrapper\">\n\t\t\t\t\t\t\t\t\t\t\t<div class=\"swiper-slide\">\n\t\t\t\t\t\t\t\t\t<div class=\"elementor-carousel-image\" style=\"background-image: url(&#039;https:\/\/editiondevie.com\/wp-content\/uploads\/2023\/06\/7.png&#039;)\">\n\n\t\t\t\n\t\t\t\t\t<\/div>\n\t\t\t\t\t\t\t\t<\/div>\n\t\t\t\t\t\t\t\t\t\t\t<div class=\"swiper-slide\">\n\t\t\t\t\t\t\t\t\t<div class=\"elementor-carousel-image\" style=\"background-image: url(&#039;https:\/\/editiondevie.com\/wp-content\/uploads\/2023\/06\/2022.11.13\u660e\u548c\u6587\u54090343_1-scaled-e1685619227364.jpg&#039;)\">\n\n\t\t\t\n\t\t\t\t\t<\/div>\n\t\t\t\t\t\t\t\t<\/div>\n\t\t\t\t\t\t\t\t\t\t\t<div class=\"swiper-slide\">\n\t\t\t\t\t\t\t\t\t<div class=\"elementor-carousel-image\" style=\"background-image: url(&#039;https:\/\/editiondevie.com\/wp-content\/uploads\/2023\/06\/6-1-scaled.jpg&#039;)\">\n\n\t\t\t\n\t\t\t\t\t<\/div>\n\t\t\t\t\t\t\t\t<\/div>\n\t\t\t\t\t\t\t\t\t\t\t<div class=\"swiper-slide\">\n\t\t\t\t\t\t\t\t\t<div class=\"elementor-carousel-image\" style=\"background-image: url(&#039;https:\/\/editiondevie.com\/wp-content\/uploads\/2023\/07\/WhatsApp-Image-2023-07-02-at-19.14.09-e1691402291450.jpeg&#039;)\">\n\n\t\t\t\n\t\t\t\t\t<\/div>\n\t\t\t\t\t\t\t\t<\/div>\n\t\t\t\t\t\t\t\t\t\t\t<div class=\"swiper-slide\">\n\t\t\t\t\t\t\t\t\t<div class=\"elementor-carousel-image\" style=\"background-image: url(&#039;https:\/\/editiondevie.com\/wp-content\/uploads\/2023\/07\/WhatsApp-Image-2023-07-02-at-19.14.42-1.jpeg&#039;)\">\n\n\t\t\t\n\t\t\t\t\t<\/div>\n\t\t\t\t\t\t\t\t<\/div>\n\t\t\t\t\t\t\t\t\t\t\t<div class=\"swiper-slide\">\n\t\t\t\t\t\t\t\t\t<div class=\"elementor-carousel-image\" style=\"background-image: url(&#039;https:\/\/editiondevie.com\/wp-content\/uploads\/2023\/07\/WhatsApp-Image-2023-07-27-at-16.57.17.jpeg&#039;)\">\n\n\t\t\t\n\t\t\t\t\t<\/div>\n\t\t\t\t\t\t\t\t<\/div>\n\t\t\t\t\t\t\t\t\t\t\t<div class=\"swiper-slide\">\n\t\t\t\t\t\t\t\t\t<div class=\"elementor-carousel-image\" style=\"background-image: url(&#039;https:\/\/editiondevie.com\/wp-content\/uploads\/2023\/07\/WhatsApp-Image-2023-07-02-at-19.14.08-e1691402246627.jpeg&#039;)\">\n\n\t\t\t\n\t\t\t\t\t<\/div>\n\t\t\t\t\t\t\t\t<\/div>\n\t\t\t\t\t\t\t\t\t<\/div>\n\t\t\t\t\t\t\t\t\t\t\t\t\t\t\t\t\t\t\t\t<div class=\"elementor-swiper-button elementor-swiper-button-prev\">\n\t\t\t\t\t\t\t<i aria-hidden=\"true\" class=\"eicon-chevron-left\"><\/i>\t\t\t\t\t\t\t<span class=\"elementor-screen-only\">Pr\u00e9c\u00e9dent<\/span>\n\t\t\t\t\t\t<\/div>\n\t\t\t\t\t\t<div class=\"elementor-swiper-button elementor-swiper-button-next\">\n\t\t\t\t\t\t\t<i aria-hidden=\"true\" class=\"eicon-chevron-right\"><\/i>\t\t\t\t\t\t\t<span class=\"elementor-screen-only\">Suivant<\/span>\n\t\t\t\t\t\t<\/div>\n\t\t\t\t\t\t\t\t\t\t\t\t<\/div>\n\t\t<\/div>\n\t\t\t\t<\/div>\n\t\t\t\t<\/div>\n\t\t\t\t\t<\/div>\n\t\t<\/div>\n\t\t\t\t\t\t\t<\/div>\n\t\t<\/section>\n\t\t\t\t\t\t\t<\/div>","protected":false},"excerpt":{"rendered":"<p>EDITION DE VIE LUMINARIES FOR SPECIAL PROJECTS We welcome the opportunity to custom our existing collections of lights based on your requirements. We are ready to work with you on adapting our sizes and colors and even sometimes materials for your residential, commercial and hospitality projects. Latest projects involving our lighting creations: Pr\u00e9c\u00e9dent Suivant<\/p>","protected":false},"author":1,"featured_media":0,"parent":0,"menu_order":0,"comment_status":"closed","ping_status":"closed","template":"","meta":{"footnotes":""},"class_list":["post-91","page","type-page","status-publish","hentry"],"yoast_head":"<!-- This site is optimized with the Yoast SEO plugin v21.0 - https:\/\/yoast.com\/wordpress\/plugins\/seo\/ -->\n<title>Custom - Edition de vie<\/title>\n<meta name=\"robots\" content=\"index, follow, max-snippet:-1, max-image-preview:large, max-video-preview:-1\" \/>\n<link rel=\"canonical\" href=\"https:\/\/editiondevie.com\/fr\/projects\/\" \/>\n<meta property=\"og:locale\" content=\"fr_FR\" \/>\n<meta property=\"og:type\" content=\"article\" \/>\n<meta property=\"og:title\" content=\"Custom - Edition de vie\" \/>\n<meta property=\"og:description\" content=\"EDITION DE VIE LUMINARIES FOR SPECIAL PROJECTS We welcome the opportunity to custom our existing collections of lights based on your requirements. We are ready to work with you on adapting our sizes and colors and even sometimes materials for your residential, commercial and hospitality projects. Latest projects involving our lighting creations: Pr\u00e9c\u00e9dent Suivant\" \/>\n<meta property=\"og:url\" content=\"https:\/\/editiondevie.com\/fr\/projects\/\" \/>\n<meta property=\"og:site_name\" content=\"Edition de vie\" \/>\n<meta property=\"article:publisher\" content=\"https:\/\/www.facebook.com\/people\/Edition-de-Vie\/100090908658269\/\" \/>\n<meta property=\"article:modified_time\" content=\"2023-08-27T01:46:41+00:00\" \/>\n<meta property=\"og:image\" content=\"https:\/\/editiondevie.com\/wp-content\/uploads\/2023\/07\/WhatsApp-Image-2023-07-03-at-18.15.04.jpeg\" \/>\n<meta name=\"twitter:card\" content=\"summary_large_image\" \/>\n<script type=\"application\/ld+json\" class=\"yoast-schema-graph\">{\"@context\":\"https:\/\/schema.org\",\"@graph\":[{\"@type\":\"WebPage\",\"@id\":\"https:\/\/editiondevie.com\/projects\",\"url\":\"https:\/\/editiondevie.com\/projects\",\"name\":\"Custom - Edition de vie\",\"isPartOf\":{\"@id\":\"https:\/\/editiondevie.com\/#website\"},\"datePublished\":\"2023-05-18T13:46:08+00:00\",\"dateModified\":\"2023-08-27T01:46:41+00:00\",\"breadcrumb\":{\"@id\":\"https:\/\/editiondevie.com\/projects#breadcrumb\"},\"inLanguage\":\"fr-FR\",\"potentialAction\":[{\"@type\":\"ReadAction\",\"target\":[\"https:\/\/editiondevie.com\/projects\"]}]},{\"@type\":\"BreadcrumbList\",\"@id\":\"https:\/\/editiondevie.com\/projects#breadcrumb\",\"itemListElement\":[{\"@type\":\"ListItem\",\"position\":1,\"name\":\"Accueil\",\"item\":\"https:\/\/editiondevie.com\/\"},{\"@type\":\"ListItem\",\"position\":2,\"name\":\"Custom\"}]},{\"@type\":\"WebSite\",\"@id\":\"https:\/\/editiondevie.com\/#website\",\"url\":\"https:\/\/editiondevie.com\/\",\"name\":\"Edition de vie\",\"description\":\"Limited edition art-lights to illuminate your world\",\"publisher\":{\"@id\":\"https:\/\/editiondevie.com\/#organization\"},\"alternateName\":\"Editiondevie.com\",\"potentialAction\":[{\"@type\":\"SearchAction\",\"target\":{\"@type\":\"EntryPoint\",\"urlTemplate\":\"https:\/\/editiondevie.com\/?s={search_term_string}\"},\"query-input\":\"required name=search_term_string\"}],\"inLanguage\":\"fr-FR\"},{\"@type\":\"Organization\",\"@id\":\"https:\/\/editiondevie.com\/#organization\",\"name\":\"Edition de vie\",\"url\":\"https:\/\/editiondevie.com\/\",\"logo\":{\"@type\":\"ImageObject\",\"inLanguage\":\"fr-FR\",\"@id\":\"https:\/\/editiondevie.com\/#\/schema\/logo\/image\/\",\"url\":\"https:\/\/editiondevie.com\/wp-content\/uploads\/2023\/05\/cropped-210126_EdeV_LogoNew_Vertical-1.png\",\"contentUrl\":\"https:\/\/editiondevie.com\/wp-content\/uploads\/2023\/05\/cropped-210126_EdeV_LogoNew_Vertical-1.png\",\"width\":512,\"height\":512,\"caption\":\"Edition de vie\"},\"image\":{\"@id\":\"https:\/\/editiondevie.com\/#\/schema\/logo\/image\/\"},\"sameAs\":[\"https:\/\/www.facebook.com\/people\/Edition-de-Vie\/100090908658269\/\"]}]}<\/script>\n<!-- \/ Yoast SEO plugin. -->","yoast_head_json":{"title":"Custom - Edition de vie","robots":{"index":"index","follow":"follow","max-snippet":"max-snippet:-1","max-image-preview":"max-image-preview:large","max-video-preview":"max-video-preview:-1"},"canonical":"https:\/\/editiondevie.com\/fr\/projects\/","og_locale":"fr_FR","og_type":"article","og_title":"Custom - Edition de vie","og_description":"EDITION DE VIE LUMINARIES FOR SPECIAL PROJECTS We welcome the opportunity to custom our existing collections of lights based on your requirements. We are ready to work with you on adapting our sizes and colors and even sometimes materials for your residential, commercial and hospitality projects. Latest projects involving our lighting creations: Pr\u00e9c\u00e9dent Suivant","og_url":"https:\/\/editiondevie.com\/fr\/projects\/","og_site_name":"Edition de vie","article_publisher":"https:\/\/www.facebook.com\/people\/Edition-de-Vie\/100090908658269\/","article_modified_time":"2023-08-27T01:46:41+00:00","og_image":[{"url":"https:\/\/editiondevie.com\/wp-content\/uploads\/2023\/07\/WhatsApp-Image-2023-07-03-at-18.15.04.jpeg"}],"twitter_card":"summary_large_image","schema":{"@context":"https:\/\/schema.org","@graph":[{"@type":"WebPage","@id":"https:\/\/editiondevie.com\/projects","url":"https:\/\/editiondevie.com\/projects","name":"Custom - Edition de vie","isPartOf":{"@id":"https:\/\/editiondevie.com\/#website"},"datePublished":"2023-05-18T13:46:08+00:00","dateModified":"2023-08-27T01:46:41+00:00","breadcrumb":{"@id":"https:\/\/editiondevie.com\/projects#breadcrumb"},"inLanguage":"fr-FR","potentialAction":[{"@type":"ReadAction","target":["https:\/\/editiondevie.com\/projects"]}]},{"@type":"BreadcrumbList","@id":"https:\/\/editiondevie.com\/projects#breadcrumb","itemListElement":[{"@type":"ListItem","position":1,"name":"Accueil","item":"https:\/\/editiondevie.com\/"},{"@type":"ListItem","position":2,"name":"Custom"}]},{"@type":"WebSite","@id":"https:\/\/editiondevie.com\/#website","url":"https:\/\/editiondevie.com\/","name":"Edition de vie","description":"Limited edition art-lights to illuminate your world","publisher":{"@id":"https:\/\/editiondevie.com\/#organization"},"alternateName":"Editiondevie.com","potentialAction":[{"@type":"SearchAction","target":{"@type":"EntryPoint","urlTemplate":"https:\/\/editiondevie.com\/?s={search_term_string}"},"query-input":"required name=search_term_string"}],"inLanguage":"fr-FR"},{"@type":"Organization","@id":"https:\/\/editiondevie.com\/#organization","name":"Edition de vie","url":"https:\/\/editiondevie.com\/","logo":{"@type":"ImageObject","inLanguage":"fr-FR","@id":"https:\/\/editiondevie.com\/#\/schema\/logo\/image\/","url":"https:\/\/editiondevie.com\/wp-content\/uploads\/2023\/05\/cropped-210126_EdeV_LogoNew_Vertical-1.png","contentUrl":"https:\/\/editiondevie.com\/wp-content\/uploads\/2023\/05\/cropped-210126_EdeV_LogoNew_Vertical-1.png","width":512,"height":512,"caption":"Edition de vie"},"image":{"@id":"https:\/\/editiondevie.com\/#\/schema\/logo\/image\/"},"sameAs":["https:\/\/www.facebook.com\/people\/Edition-de-Vie\/100090908658269\/"]}]}},"_links":{"self":[{"href":"https:\/\/editiondevie.com\/fr\/wp-json\/wp\/v2\/pages\/91","targetHints":{"allow":["GET"]}}],"collection":[{"href":"https:\/\/editiondevie.com\/fr\/wp-json\/wp\/v2\/pages"}],"about":[{"href":"https:\/\/editiondevie.com\/fr\/wp-json\/wp\/v2\/types\/page"}],"author":[{"embeddable":true,"href":"https:\/\/editiondevie.com\/fr\/wp-json\/wp\/v2\/users\/1"}],"replies":[{"embeddable":true,"href":"https:\/\/editiondevie.com\/fr\/wp-json\/wp\/v2\/comments?post=91"}],"version-history":[{"count":134,"href":"https:\/\/editiondevie.com\/fr\/wp-json\/wp\/v2\/pages\/91\/revisions"}],"predecessor-version":[{"id":2312,"href":"https:\/\/editiondevie.com\/fr\/wp-json\/wp\/v2\/pages\/91\/revisions\/2312"}],"wp:attachment":[{"href":"https:\/\/editiondevie.com\/fr\/wp-json\/wp\/v2\/media?parent=91"}],"curies":[{"name":"wp","href":"https:\/\/api.w.org\/{rel}","templated":true}]}}