{"id":95,"date":"2023-05-18T13:46:32","date_gmt":"2023-05-18T13:46:32","guid":{"rendered":"https:\/\/editiondevie.com\/?page_id=95"},"modified":"2023-10-17T12:25:15","modified_gmt":"2023-10-17T12:25:15","slug":"contact","status":"publish","type":"page","link":"https:\/\/editiondevie.com\/fr\/contact","title":{"rendered":"Contact"},"content":{"rendered":"<div data-elementor-type=\"wp-page\" data-elementor-id=\"95\" class=\"elementor elementor-95\">\n\t\t\t\t\t\t\t\t\t<section class=\"elementor-section elementor-top-section elementor-element elementor-element-4b781d1 elementor-section-boxed elementor-section-height-default elementor-section-height-default\" data-id=\"4b781d1\" data-element_type=\"section\">\n\t\t\t\t\t\t<div class=\"elementor-container elementor-column-gap-default\">\n\t\t\t\t\t<div class=\"elementor-column elementor-col-50 elementor-top-column elementor-element elementor-element-2f6c5e7\" data-id=\"2f6c5e7\" data-element_type=\"column\">\n\t\t\t<div class=\"elementor-widget-wrap elementor-element-populated\">\n\t\t\t\t\t\t\t\t<div class=\"elementor-element elementor-element-38faa6e elementor-widget elementor-widget-text-editor\" data-id=\"38faa6e\" data-element_type=\"widget\" data-widget_type=\"text-editor.default\">\n\t\t\t\t<div class=\"elementor-widget-container\">\n\t\t\t<style>\/*! elementor - v3.13.2 - 11-05-2023 *\/\n.elementor-widget-text-editor.elementor-drop-cap-view-stacked .elementor-drop-cap{background-color:#69727d;color:#fff}.elementor-widget-text-editor.elementor-drop-cap-view-framed .elementor-drop-cap{color:#69727d;border:3px solid;background-color:transparent}.elementor-widget-text-editor:not(.elementor-drop-cap-view-default) .elementor-drop-cap{margin-top:8px}.elementor-widget-text-editor:not(.elementor-drop-cap-view-default) .elementor-drop-cap-letter{width:1em;height:1em}.elementor-widget-text-editor .elementor-drop-cap{float:left;text-align:center;line-height:1;font-size:50px}.elementor-widget-text-editor .elementor-drop-cap-letter{display:inline-block}<\/style>\t\t\t\t<p><b>Contactez nous<\/b><b><\/b><\/p>\n<p>Demande g\u00e9n\u00e9rale :&nbsp;<a href=\"mailto:contact@editiondevie.com\">contact@editiondevie.com<\/a><\/p>\n<p>Demande de renseignement commerciale :&nbsp;<a href=\"mailto:bd@editiondevie.com\">bd@editiondevie.com<\/a><\/p>\n<p>Demande de renseignements Presse  :&nbsp;<a href=\"mailto:pr@editiondevie.com\">pr@editiondevie.com<\/a><\/p>\n<p>Recrutement&nbsp;<a href=\"mailto:hr@editiondevie.com\">hr@editiondevie.com<\/a><\/p>\t\t\t\t\t\t<\/div>\n\t\t\t\t<\/div>\n\t\t\t\t<div class=\"elementor-element elementor-element-c536243 elementor-widget elementor-widget-text-editor\" data-id=\"c536243\" data-element_type=\"widget\" data-widget_type=\"text-editor.default\">\n\t\t\t\t<div class=\"elementor-widget-container\">\n\t\t\t\t\t\t\t<p><b>Les luminaires Edition de Vie sont visibles et disponibles<\/b><\/p>\t\t\t\t\t\t<\/div>\n\t\t\t\t<\/div>\n\t\t\t\t<div class=\"elementor-element elementor-element-d69e17e elementor-widget elementor-widget-text-editor\" data-id=\"d69e17e\" data-element_type=\"widget\" data-widget_type=\"text-editor.default\">\n\t\t\t\t<div class=\"elementor-widget-container\">\n\t\t\t\t\t\t\t<p><span style=\"vertical-align: inherit;\"><span style=\"vertical-align: inherit;\"><span style=\"vertical-align: inherit;\"><span style=\"vertical-align: inherit;\">GALERIE BSL<\/span><\/span><\/span><\/span><\/p>\n<p><span style=\"vertical-align: inherit;\"><span style=\"vertical-align: inherit;\"><span style=\"vertical-align: inherit;\"><span style=\"vertical-align: inherit;\">14, rue des Beaux-Arts&nbsp;<\/span><\/span><\/span><\/span><\/p>\n<p><span style=\"vertical-align: inherit;\"><span style=\"vertical-align: inherit;\"><span style=\"vertical-align: inherit;\"><span style=\"vertical-align: inherit;\">75006 Paris<\/span><\/span><\/span><\/span><\/p>\n<p><span style=\"vertical-align: inherit;\"><span style=\"vertical-align: inherit;\"><span style=\"vertical-align: inherit;\"><span style=\"vertical-align: inherit;\">T +33 1 56 81 61 52<\/span><\/span><\/span><\/span><\/p>\n<p><span style=\"vertical-align: inherit;\"><span style=\"vertical-align: inherit;\">Mon &#8211; Sat 10am &#8211; 7pm<\/span><\/span><\/p>\t\t\t\t\t\t<\/div>\n\t\t\t\t<\/div>\n\t\t\t\t<div class=\"elementor-element elementor-element-fa67de9 elementor-widget elementor-widget-text-editor\" data-id=\"fa67de9\" data-element_type=\"widget\" data-widget_type=\"text-editor.default\">\n\t\t\t\t<div class=\"elementor-widget-container\">\n\t\t\t\t\t\t\t<p><strong>Les luminaires Edition de Vie sont disponibles en ligne<\/strong><\/p><p>First Dibs<\/p><p><a href=\"https:\/\/www.artsy.net\/\">Artsy<\/a><\/p><p><a href=\"https:\/\/www.incollect.com\/\">InCollect<\/a><\/p>\t\t\t\t\t\t<\/div>\n\t\t\t\t<\/div>\n\t\t\t\t<div class=\"elementor-element elementor-element-2091990 elementor-widget elementor-widget-text-editor\" data-id=\"2091990\" data-element_type=\"widget\" data-widget_type=\"text-editor.default\">\n\t\t\t\t<div class=\"elementor-widget-container\">\n\t\t\t\t\t\t\t<p><b><span style=\"vertical-align: inherit;\"><span style=\"vertical-align: inherit;\">Suivez-nous\u00a0<\/span><\/span><\/b><\/p><p><a href=\"https:\/\/www.instagram.com\/editiondevie\/?hl=fr\"><span style=\"vertical-align: inherit;\"><span style=\"vertical-align: inherit;\">Instagram : editiondevie<\/span><\/span><\/a><\/p><p><a href=\"https:\/\/www.facebook.com\/profile.php?id=100090908658269\"><span style=\"vertical-align: inherit;\"><span style=\"vertical-align: inherit;\">Facebook : editiondevie<\/span><\/span><\/a><\/p><p><a href=\"https:\/\/www.linkedin.com\/company\/edition-de-vie\/\"><span style=\"vertical-align: inherit;\"><span style=\"vertical-align: inherit;\">Linkedin: edition-de-vie<\/span><\/span><\/a><\/p>\t\t\t\t\t\t<\/div>\n\t\t\t\t<\/div>\n\t\t\t\t<div class=\"elementor-element elementor-element-f6c0d06 elementor-widget elementor-widget-text-editor\" data-id=\"f6c0d06\" data-element_type=\"widget\" data-widget_type=\"text-editor.default\">\n\t\t\t\t<div class=\"elementor-widget-container\">\n\t\t\t\t\t\t\t<p><b><span style=\"vertical-align: inherit;\"><span style=\"vertical-align: inherit;\">Rendez-nous visite sur rendez-vous<\/span><\/span><\/b><\/p><p><span style=\"vertical-align: inherit;\"><span style=\"vertical-align: inherit;\">1 rue de Stockholm<\/span><\/span><\/p><p><span style=\"vertical-align: inherit;\"><span style=\"vertical-align: inherit;\">75008 Paris<\/span><\/span><\/p><p><span style=\"vertical-align: inherit;\"><span style=\"vertical-align: inherit;\">T +33 (0)1 89 86 08 10<\/span><\/span><\/p>\t\t\t\t\t\t<\/div>\n\t\t\t\t<\/div>\n\t\t\t\t\t<\/div>\n\t\t<\/div>\n\t\t\t\t<div class=\"elementor-column elementor-col-50 elementor-top-column elementor-element elementor-element-1f9a2f1\" data-id=\"1f9a2f1\" data-element_type=\"column\">\n\t\t\t<div class=\"elementor-widget-wrap elementor-element-populated\">\n\t\t\t\t\t\t\t\t<div class=\"elementor-element elementor-element-4011d37 elementor-widget elementor-widget-image\" data-id=\"4011d37\" data-element_type=\"widget\" data-widget_type=\"image.default\">\n\t\t\t\t<div class=\"elementor-widget-container\">\n\t\t\t<style>\/*! elementor - v3.13.2 - 11-05-2023 *\/\n.elementor-widget-image{text-align:center}.elementor-widget-image a{display:inline-block}.elementor-widget-image a img[src$=\".svg\"]{width:48px}.elementor-widget-image img{vertical-align:middle;display:inline-block}<\/style>\t\t\t\t\t\t\t\t\t\t\t\t<img loading=\"lazy\" decoding=\"async\" width=\"768\" height=\"1024\" src=\"https:\/\/editiondevie.com\/wp-content\/uploads\/2023\/06\/4-768x1024.jpeg\" class=\"attachment-large size-large wp-image-1340\" alt=\"\" srcset=\"https:\/\/editiondevie.com\/wp-content\/uploads\/2023\/06\/4-768x1024.jpeg 768w, https:\/\/editiondevie.com\/wp-content\/uploads\/2023\/06\/4-225x300.jpeg 225w, https:\/\/editiondevie.com\/wp-content\/uploads\/2023\/06\/4-1152x1536.jpeg 1152w, https:\/\/editiondevie.com\/wp-content\/uploads\/2023\/06\/4.jpeg 1400w\" sizes=\"auto, (max-width: 768px) 100vw, 768px\" \/>\t\t\t\t\t\t\t\t\t\t\t\t\t\t\t<\/div>\n\t\t\t\t<\/div>\n\t\t\t\t\t<\/div>\n\t\t<\/div>\n\t\t\t\t\t\t\t<\/div>\n\t\t<\/section>\n\t\t\t\t<section class=\"elementor-section elementor-top-section elementor-element elementor-element-a094dbb elementor-section-boxed elementor-section-height-default elementor-section-height-default\" data-id=\"a094dbb\" data-element_type=\"section\">\n\t\t\t\t\t\t<div class=\"elementor-container elementor-column-gap-default\">\n\t\t\t\t\t<div class=\"elementor-column elementor-col-100 elementor-top-column elementor-element elementor-element-c64619e\" data-id=\"c64619e\" data-element_type=\"column\">\n\t\t\t<div class=\"elementor-widget-wrap elementor-element-populated\">\n\t\t\t\t\t\t\t\t<div class=\"elementor-element elementor-element-264cc798 elementor-widget__width-initial elementor-widget elementor-widget-google_maps\" data-id=\"264cc798\" data-element_type=\"widget\" data-widget_type=\"google_maps.default\">\n\t\t\t\t<div class=\"elementor-widget-container\">\n\t\t\t<style>\/*! elementor - v3.13.2 - 11-05-2023 *\/\n.elementor-widget-google_maps .elementor-widget-container{overflow:hidden}.elementor-widget-google_maps .elementor-custom-embed{line-height:0}.elementor-widget-google_maps iframe{height:300px}<\/style>\t\t<div class=\"elementor-custom-embed\">\n\t\t\t<iframe loading=\"lazy\"\n\t\t\t\t\tsrc=\"https:\/\/maps.google.com\/maps?q=14%20rue%20des%20Beaux-Arts%20%E2%80%93%2075006%20PARIS&#038;t=m&#038;z=10&#038;output=embed&#038;iwloc=near\"\n\t\t\t\t\ttitle=\"14 rue des Beaux-Arts \u2013 75006 PARIS\"\n\t\t\t\t\taria-label=\"14 rue des Beaux-Arts \u2013 75006 PARIS\"\n\t\t\t><\/iframe>\n\t\t<\/div>\n\t\t\t\t<\/div>\n\t\t\t\t<\/div>\n\t\t\t\t\t<\/div>\n\t\t<\/div>\n\t\t\t\t\t\t\t<\/div>\n\t\t<\/section>\n\t\t\t\t\t\t\t<\/div>","protected":false},"excerpt":{"rendered":"<p>Contact us General Inquiry:&nbsp;contact@editiondevie.com Business Inquiries:&nbsp;bd@editiondevie.com Media Inquiries:&nbsp;pr@editiondevie.com Job Opportunities:&nbsp;hr@editiondevie.com Edition de Vie lightings available at our main representative gallery GALERIE BSL 14, rue des Beaux-Arts&nbsp; 75006 Paris T +33 1 56 81 61 52 Mon &#8211; Sat 10am &#8211; 7pm Edition de Vie lightings available online First Dibs Artsy InCollect Follow us\u00a0 Instagram : [&hellip;]<\/p>","protected":false},"author":1,"featured_media":0,"parent":0,"menu_order":0,"comment_status":"closed","ping_status":"closed","template":"","meta":{"footnotes":""},"class_list":["post-95","page","type-page","status-publish","hentry"],"yoast_head":"<!-- This site is optimized with the Yoast SEO plugin v21.0 - https:\/\/yoast.com\/wordpress\/plugins\/seo\/ -->\n<title>Contact - Edition de vie<\/title>\n<meta name=\"description\" content=\"Retrouvez nos collections au sein de nos diff\u00e9rentes galeries fran\u00e7aise et en ligne sur nos r\u00e9seaux sociaux\" \/>\n<meta name=\"robots\" content=\"index, follow, max-snippet:-1, max-image-preview:large, max-video-preview:-1\" \/>\n<link rel=\"canonical\" href=\"https:\/\/editiondevie.com\/fr\/contact\/\" \/>\n<meta property=\"og:locale\" content=\"fr_FR\" \/>\n<meta property=\"og:type\" content=\"article\" \/>\n<meta property=\"og:title\" content=\"Contact - Edition de vie\" \/>\n<meta property=\"og:description\" content=\"Retrouvez nos collections au sein de nos diff\u00e9rentes galeries fran\u00e7aise et en ligne sur nos r\u00e9seaux sociaux\" \/>\n<meta property=\"og:url\" content=\"https:\/\/editiondevie.com\/fr\/contact\/\" \/>\n<meta property=\"og:site_name\" content=\"Edition de vie\" \/>\n<meta property=\"article:publisher\" content=\"https:\/\/www.facebook.com\/people\/Edition-de-Vie\/100090908658269\/\" \/>\n<meta property=\"article:modified_time\" content=\"2023-10-17T12:25:15+00:00\" \/>\n<meta property=\"og:image\" content=\"https:\/\/editiondevie.com\/wp-content\/uploads\/2023\/06\/4-768x1024.jpeg\" \/>\n<meta name=\"twitter:card\" content=\"summary_large_image\" \/>\n<meta name=\"twitter:label1\" content=\"Dur\u00e9e de lecture estim\u00e9e\" \/>\n\t<meta name=\"twitter:data1\" content=\"1 minute\" \/>\n<script type=\"application\/ld+json\" class=\"yoast-schema-graph\">{\"@context\":\"https:\/\/schema.org\",\"@graph\":[{\"@type\":\"WebPage\",\"@id\":\"https:\/\/editiondevie.com\/contact\",\"url\":\"https:\/\/editiondevie.com\/contact\",\"name\":\"Contact - Edition de vie\",\"isPartOf\":{\"@id\":\"https:\/\/editiondevie.com\/#website\"},\"datePublished\":\"2023-05-18T13:46:32+00:00\",\"dateModified\":\"2023-10-17T12:25:15+00:00\",\"description\":\"Retrouvez nos collections au sein de nos diff\u00e9rentes galeries fran\u00e7aise et en ligne sur nos r\u00e9seaux sociaux\",\"breadcrumb\":{\"@id\":\"https:\/\/editiondevie.com\/contact#breadcrumb\"},\"inLanguage\":\"fr-FR\",\"potentialAction\":[{\"@type\":\"ReadAction\",\"target\":[\"https:\/\/editiondevie.com\/contact\"]}]},{\"@type\":\"BreadcrumbList\",\"@id\":\"https:\/\/editiondevie.com\/contact#breadcrumb\",\"itemListElement\":[{\"@type\":\"ListItem\",\"position\":1,\"name\":\"Accueil\",\"item\":\"https:\/\/editiondevie.com\/\"},{\"@type\":\"ListItem\",\"position\":2,\"name\":\"Contact\"}]},{\"@type\":\"WebSite\",\"@id\":\"https:\/\/editiondevie.com\/#website\",\"url\":\"https:\/\/editiondevie.com\/\",\"name\":\"Edition de vie\",\"description\":\"Limited edition art-lights to illuminate your world\",\"publisher\":{\"@id\":\"https:\/\/editiondevie.com\/#organization\"},\"alternateName\":\"Editiondevie.com\",\"potentialAction\":[{\"@type\":\"SearchAction\",\"target\":{\"@type\":\"EntryPoint\",\"urlTemplate\":\"https:\/\/editiondevie.com\/?s={search_term_string}\"},\"query-input\":\"required name=search_term_string\"}],\"inLanguage\":\"fr-FR\"},{\"@type\":\"Organization\",\"@id\":\"https:\/\/editiondevie.com\/#organization\",\"name\":\"Edition de vie\",\"url\":\"https:\/\/editiondevie.com\/\",\"logo\":{\"@type\":\"ImageObject\",\"inLanguage\":\"fr-FR\",\"@id\":\"https:\/\/editiondevie.com\/#\/schema\/logo\/image\/\",\"url\":\"https:\/\/editiondevie.com\/wp-content\/uploads\/2023\/05\/cropped-210126_EdeV_LogoNew_Vertical-1.png\",\"contentUrl\":\"https:\/\/editiondevie.com\/wp-content\/uploads\/2023\/05\/cropped-210126_EdeV_LogoNew_Vertical-1.png\",\"width\":512,\"height\":512,\"caption\":\"Edition de vie\"},\"image\":{\"@id\":\"https:\/\/editiondevie.com\/#\/schema\/logo\/image\/\"},\"sameAs\":[\"https:\/\/www.facebook.com\/people\/Edition-de-Vie\/100090908658269\/\"]}]}<\/script>\n<!-- \/ Yoast SEO plugin. -->","yoast_head_json":{"title":"Contact - Edition de vie","description":"Retrouvez nos collections au sein de nos diff\u00e9rentes galeries fran\u00e7aise et en ligne sur nos r\u00e9seaux sociaux","robots":{"index":"index","follow":"follow","max-snippet":"max-snippet:-1","max-image-preview":"max-image-preview:large","max-video-preview":"max-video-preview:-1"},"canonical":"https:\/\/editiondevie.com\/fr\/contact\/","og_locale":"fr_FR","og_type":"article","og_title":"Contact - Edition de vie","og_description":"Retrouvez nos collections au sein de nos diff\u00e9rentes galeries fran\u00e7aise et en ligne sur nos r\u00e9seaux sociaux","og_url":"https:\/\/editiondevie.com\/fr\/contact\/","og_site_name":"Edition de vie","article_publisher":"https:\/\/www.facebook.com\/people\/Edition-de-Vie\/100090908658269\/","article_modified_time":"2023-10-17T12:25:15+00:00","og_image":[{"url":"https:\/\/editiondevie.com\/wp-content\/uploads\/2023\/06\/4-768x1024.jpeg"}],"twitter_card":"summary_large_image","twitter_misc":{"Dur\u00e9e de lecture estim\u00e9e":"1 minute"},"schema":{"@context":"https:\/\/schema.org","@graph":[{"@type":"WebPage","@id":"https:\/\/editiondevie.com\/contact","url":"https:\/\/editiondevie.com\/contact","name":"Contact - Edition de vie","isPartOf":{"@id":"https:\/\/editiondevie.com\/#website"},"datePublished":"2023-05-18T13:46:32+00:00","dateModified":"2023-10-17T12:25:15+00:00","description":"Retrouvez nos collections au sein de nos diff\u00e9rentes galeries fran\u00e7aise et en ligne sur nos r\u00e9seaux sociaux","breadcrumb":{"@id":"https:\/\/editiondevie.com\/contact#breadcrumb"},"inLanguage":"fr-FR","potentialAction":[{"@type":"ReadAction","target":["https:\/\/editiondevie.com\/contact"]}]},{"@type":"BreadcrumbList","@id":"https:\/\/editiondevie.com\/contact#breadcrumb","itemListElement":[{"@type":"ListItem","position":1,"name":"Accueil","item":"https:\/\/editiondevie.com\/"},{"@type":"ListItem","position":2,"name":"Contact"}]},{"@type":"WebSite","@id":"https:\/\/editiondevie.com\/#website","url":"https:\/\/editiondevie.com\/","name":"Edition de vie","description":"Limited edition art-lights to illuminate your world","publisher":{"@id":"https:\/\/editiondevie.com\/#organization"},"alternateName":"Editiondevie.com","potentialAction":[{"@type":"SearchAction","target":{"@type":"EntryPoint","urlTemplate":"https:\/\/editiondevie.com\/?s={search_term_string}"},"query-input":"required name=search_term_string"}],"inLanguage":"fr-FR"},{"@type":"Organization","@id":"https:\/\/editiondevie.com\/#organization","name":"Edition de vie","url":"https:\/\/editiondevie.com\/","logo":{"@type":"ImageObject","inLanguage":"fr-FR","@id":"https:\/\/editiondevie.com\/#\/schema\/logo\/image\/","url":"https:\/\/editiondevie.com\/wp-content\/uploads\/2023\/05\/cropped-210126_EdeV_LogoNew_Vertical-1.png","contentUrl":"https:\/\/editiondevie.com\/wp-content\/uploads\/2023\/05\/cropped-210126_EdeV_LogoNew_Vertical-1.png","width":512,"height":512,"caption":"Edition de vie"},"image":{"@id":"https:\/\/editiondevie.com\/#\/schema\/logo\/image\/"},"sameAs":["https:\/\/www.facebook.com\/people\/Edition-de-Vie\/100090908658269\/"]}]}},"_links":{"self":[{"href":"https:\/\/editiondevie.com\/fr\/wp-json\/wp\/v2\/pages\/95","targetHints":{"allow":["GET"]}}],"collection":[{"href":"https:\/\/editiondevie.com\/fr\/wp-json\/wp\/v2\/pages"}],"about":[{"href":"https:\/\/editiondevie.com\/fr\/wp-json\/wp\/v2\/types\/page"}],"author":[{"embeddable":true,"href":"https:\/\/editiondevie.com\/fr\/wp-json\/wp\/v2\/users\/1"}],"replies":[{"embeddable":true,"href":"https:\/\/editiondevie.com\/fr\/wp-json\/wp\/v2\/comments?post=95"}],"version-history":[{"count":92,"href":"https:\/\/editiondevie.com\/fr\/wp-json\/wp\/v2\/pages\/95\/revisions"}],"predecessor-version":[{"id":2356,"href":"https:\/\/editiondevie.com\/fr\/wp-json\/wp\/v2\/pages\/95\/revisions\/2356"}],"wp:attachment":[{"href":"https:\/\/editiondevie.com\/fr\/wp-json\/wp\/v2\/media?parent=95"}],"curies":[{"name":"wp","href":"https:\/\/api.w.org\/{rel}","templated":true}]}}